{"id":5239,"date":"2023-05-24T10:55:24","date_gmt":"2023-05-24T10:55:24","guid":{"rendered":"https:\/\/tarifapescaturismo.com\/?post_type=product&#038;p=5239"},"modified":"2025-09-01T10:34:03","modified_gmt":"2025-09-01T10:34:03","slug":"tour-1","status":"publish","type":"product","link":"https:\/\/tarifapescaturismo.com\/en\/product\/tour-1\/","title":{"rendered":"Pesca Turismo (Pesca a mano de At\u00fan Rojo del Estrecho de Gibraltar)"},"content":{"rendered":"<p>Tarifa Pesca Turismo es una actividad de diversificaci\u00f3n pesquera que se desarrolla conjuntamente con el desempe\u00f1o profesional de los pescadores profesionales del at\u00fan rojo en la zona Tarifa.<\/p>\n<p><strong>*La mayor parte del ticket se destina a la embarcaci\u00f3n pesquera y tripulantes*.<\/strong><\/p>\n<p>Tarifa Pesca Turismo es una actividad tur\u00edstica especialmente orientada usuarios en edad adulta y conlleva el respetar obligatoriamente una serie de normas por el usuario de la actividad y contemplar algunos consejos:<\/p>\n<p>-No est\u00e1 permitida la actividad a usuarios menores de 16 a\u00f1os. Los menores de edad (usuarios de 16 a 18 a\u00f1os) deber\u00e1n ir acompa\u00f1ados de un adulto que se har\u00e1 responsable de \u00e9l en todo momento.<\/p>\n<p>-Para el correcto desarrollo y disfrute de la actividad tur\u00edstica, Tarifa Pesca Turismo le proporcionar\u00e1 ropa de agua indicada para el usuario que consiste en:<\/p>\n<p>Chaqueta pescadora con cremallera.<br \/>\nMono con tirantes.<br \/>\nBotas de agua.<\/p>\n<p>-Se recomienda adem\u00e1s que el usuario se provea de las prendas de abrigo impermeable apropiadas para la \u00e9poca del a\u00f1o en que se realice la actividad y acorde con el estado meteorol\u00f3gico de la fecha en que se desarrolle. Se aconseja vestir gorra con visera o sombrero y una muda de ropa, as\u00ed como el uso crema solar de alto factor de protecci\u00f3n en todo momento en el que transcurra la actividad.<\/p>\n<p>-Est\u00e1 terminantemente prohibido embarcarse en estado de embriaguez o bajo la influencia de cualquier droga o estimulantes adictivos.<\/p>\n<p>-Si el usuario considera que puede ser propenso a experimentar mareos a bordo de la embarcaci\u00f3n pesquera, es aconsejable la administraci\u00f3n de la medicaci\u00f3n adecuada que eviten los s\u00edntomas relacionados.<\/p>\n<p>-En el momento de realizar la reserva, el usuario debe comunicar si padece alguna enfermedad o afecci\u00f3n que pueda alterar el desarrollo normal de la actividad y el trabajo rutinario de los pescadores (alergias de cualquier tipo, estado de embarazo, disminuciones f\u00edsicas, psicol\u00f3gicas o sensoriales, etc.).<\/p>\n<p>-Dada las especiales caracter\u00edsticas de la actividad pesquera, es de obligado cumplimiento el respetar diligentemente los horarios de embarque que ser\u00e1n comunicados por los responsables de la actividad Tarifa Pesca Turismo, as\u00ed como las posibles variaciones debidas al estado de las mareas, situaci\u00f3n meteorol\u00f3gicas, practicas pesqueras de la jornada o cualquier tipo de eventualidad que pueda afectar.<\/p>\n<p>-Los horarios se rigen por la actividad profesional de la tripulaci\u00f3n de la embarcaci\u00f3n pesquera, <strong>(seg\u00fan la marea, se le avisar\u00e1 con 48h de antelaci\u00f3n)<\/strong> por lo que no se esperar\u00e1 a los usuarios de la actividad tur\u00edstica Tarifa Pesa Turismo que no se encuentren en el lugar y hora acordados y comunicados previamente. En caso de que los usuarios de a actividad tur\u00edstica se retrasen o no acudan al punto de encuentro en tiempo y hora, Tarifa Pesca Turismo no se ve obligada a practicar el reembolso el importe de la actividad.<\/p>\n","protected":false},"excerpt":{"rendered":"<p>Tarifa Pesca Turismo es una actividad de diversificaci\u00f3n pesquera que se desarrolla conjuntamente con el desempe\u00f1o profesional de los pescadores profesionales del at\u00fan rojo en la zona Tarifa. *La mayor parte del ticket se destina a la embarcaci\u00f3n pesquera y [&hellip;]<\/p>\n","protected":false},"featured_media":6100,"comment_status":"open","ping_status":"closed","template":"","meta":{"om_disable_all_campaigns":false,"_monsterinsights_skip_tracking":false,"_monsterinsights_sitenote_active":false,"_monsterinsights_sitenote_note":"","_monsterinsights_sitenote_category":0},"product_cat":[16,124],"product_tag":[157,158,159],"class_list":["post-5239","product","type-product","status-publish","has-post-thumbnail","hentry","product_cat-uncategorized","product_cat-pesca-turismo","product_tag-pesca-turismo-tarifa","product_tag-pesca-turismo-atun-rojo","product_tag-atun-rojo-tarifa"],"_links":{"self":[{"href":"https:\/\/tarifapescaturismo.com\/en\/wp-json\/wp\/v2\/product\/5239","targetHints":{"allow":["GET"]}}],"collection":[{"href":"https:\/\/tarifapescaturismo.com\/en\/wp-json\/wp\/v2\/product"}],"about":[{"href":"https:\/\/tarifapescaturismo.com\/en\/wp-json\/wp\/v2\/types\/product"}],"replies":[{"embeddable":true,"href":"https:\/\/tarifapescaturismo.com\/en\/wp-json\/wp\/v2\/comments?post=5239"}],"wp:featuredmedia":[{"embeddable":true,"href":"https:\/\/tarifapescaturismo.com\/en\/wp-json\/wp\/v2\/media\/6100"}],"wp:attachment":[{"href":"https:\/\/tarifapescaturismo.com\/en\/wp-json\/wp\/v2\/media?parent=5239"}],"wp:term":[{"taxonomy":"product_cat","embeddable":true,"href":"https:\/\/tarifapescaturismo.com\/en\/wp-json\/wp\/v2\/product_cat?post=5239"},{"taxonomy":"product_tag","embeddable":true,"href":"https:\/\/tarifapescaturismo.com\/en\/wp-json\/wp\/v2\/product_tag?post=5239"}],"curies":[{"name":"wp","href":"https:\/\/api.w.org\/{rel}","templated":true}]}}